{"id":240,"date":"2017-10-24T14:34:25","date_gmt":"2017-10-24T12:34:25","guid":{"rendered":"http:\/\/easyfence.pl\/?post_type=product&#038;p=240&#038;lang=de"},"modified":"2017-10-24T14:34:25","modified_gmt":"2017-10-24T12:34:25","slug":"zaun-s-z1","status":"publish","type":"product","link":"https:\/\/www.easyfence.pl\/de\/produkt\/zaun-s-z1\/","title":{"rendered":"Zaun S-Z1"},"content":{"rendered":"","protected":false},"excerpt":{"rendered":"<ul>\n<li>Ma\u00dfe: 2000&#215;3455 mm<\/li>\n<li>Maschenweite: 260&#215;100 mm<\/li>\n<li>Drahtst\u00e4rke: 3,2&#215;3,2 mm<\/li>\n<li>Rohrdurchmesser: 25&#215;38 mm<\/li>\n<li>Gewicht: 13,5 kg<\/li>\n<\/ul>\n<p>Der st\u00e4rkere Rahmen des Zauns erm\u00f6glicht eine l\u00e4ngere Nutzung\u00a0bei gleichzeitig geringem Gewicht. Die hohe Qualit\u00e4t des verzinkten\u00a0Zauns erm\u00f6glicht eine Nutzung f\u00fcr viele Jahre.<\/p>\n","protected":false},"featured_media":33,"comment_status":"open","ping_status":"closed","template":"","meta":{"_acf_changed":false},"product_brand":[],"product_cat":[29],"product_tag":[],"class_list":{"0":"post-240","1":"product","2":"type-product","3":"status-publish","4":"has-post-thumbnail","6":"product_cat-mobile-absperrungen","8":"first","9":"instock","10":"shipping-taxable","11":"product-type-simple"},"acf":[],"_links":{"self":[{"href":"https:\/\/www.easyfence.pl\/de\/wp-json\/wp\/v2\/product\/240"}],"collection":[{"href":"https:\/\/www.easyfence.pl\/de\/wp-json\/wp\/v2\/product"}],"about":[{"href":"https:\/\/www.easyfence.pl\/de\/wp-json\/wp\/v2\/types\/product"}],"replies":[{"embeddable":true,"href":"https:\/\/www.easyfence.pl\/de\/wp-json\/wp\/v2\/comments?post=240"}],"wp:featuredmedia":[{"embeddable":true,"href":"https:\/\/www.easyfence.pl\/de\/wp-json\/wp\/v2\/media\/33"}],"wp:attachment":[{"href":"https:\/\/www.easyfence.pl\/de\/wp-json\/wp\/v2\/media?parent=240"}],"wp:term":[{"taxonomy":"product_brand","embeddable":true,"href":"https:\/\/www.easyfence.pl\/de\/wp-json\/wp\/v2\/product_brand?post=240"},{"taxonomy":"product_cat","embeddable":true,"href":"https:\/\/www.easyfence.pl\/de\/wp-json\/wp\/v2\/product_cat?post=240"},{"taxonomy":"product_tag","embeddable":true,"href":"https:\/\/www.easyfence.pl\/de\/wp-json\/wp\/v2\/product_tag?post=240"}],"curies":[{"name":"wp","href":"https:\/\/api.w.org\/{rel}","templated":true}]}}