{"id":232,"date":"2017-10-24T14:26:33","date_gmt":"2017-10-24T12:26:33","guid":{"rendered":"http:\/\/easyfence.pl\/?post_type=product&#038;p=232&#038;lang=de"},"modified":"2017-10-24T14:26:49","modified_gmt":"2017-10-24T12:26:49","slug":"bauzauntor-zweifluegelig-7m","status":"publish","type":"product","link":"https:\/\/www.easyfence.pl\/de\/produkt\/bauzauntor-zweifluegelig-7m\/","title":{"rendered":"Bauzauntor, zweifl\u00fcgelig 7m"},"content":{"rendered":"","protected":false},"excerpt":{"rendered":"<ul>\n<li>Ma\u00dfe: 2x2000x3455 mm<\/li>\n<li>Maschenweite: 260&#215;100 mm<\/li>\n<li>Drahtst\u00e4rke: 3,2&#215;3,2 mm<\/li>\n<li>Rohrdurchmesser: 30&#215;40 mm<\/li>\n<li>Gewicht: 40 kg<\/li>\n<li>mit Schlie\u00dfmechanismus ausgestattet (Riegel) sowie\u00a0zwei Torrollen<\/li>\n<li>\u00d6ffnungsradius ca. 7 m<\/li>\n<\/ul>\n<p>Dieses Tor ist mit einem Riegel, verschlie\u00dfbar mit einem Vorh\u00e4ngeschloss,\u00a0ausgestattet. Zus\u00e4tzliche Mittelstreben sorgen f\u00fcr mehr\u00a0Stabilit\u00e4t. Der gro\u00dfe \u00d6ffnungsradius erm\u00f6glicht die Einfahrt gro\u00dfer\u00a0LKW\u2019s. Die hohe Qualit\u00e4t des Tores mit Verzinkung erm\u00f6glicht eine\u00a0Nutzung f\u00fcr viele Jahre.<\/p>\n","protected":false},"featured_media":52,"comment_status":"open","ping_status":"closed","template":"","meta":{"_acf_changed":false},"product_brand":[],"product_cat":[28],"product_tag":[],"class_list":{"0":"post-232","1":"product","2":"type-product","3":"status-publish","4":"has-post-thumbnail","6":"product_cat-bauzauntueren-und-tore","8":"first","9":"instock","10":"shipping-taxable","11":"product-type-simple"},"acf":[],"_links":{"self":[{"href":"https:\/\/www.easyfence.pl\/de\/wp-json\/wp\/v2\/product\/232"}],"collection":[{"href":"https:\/\/www.easyfence.pl\/de\/wp-json\/wp\/v2\/product"}],"about":[{"href":"https:\/\/www.easyfence.pl\/de\/wp-json\/wp\/v2\/types\/product"}],"replies":[{"embeddable":true,"href":"https:\/\/www.easyfence.pl\/de\/wp-json\/wp\/v2\/comments?post=232"}],"wp:featuredmedia":[{"embeddable":true,"href":"https:\/\/www.easyfence.pl\/de\/wp-json\/wp\/v2\/media\/52"}],"wp:attachment":[{"href":"https:\/\/www.easyfence.pl\/de\/wp-json\/wp\/v2\/media?parent=232"}],"wp:term":[{"taxonomy":"product_brand","embeddable":true,"href":"https:\/\/www.easyfence.pl\/de\/wp-json\/wp\/v2\/product_brand?post=232"},{"taxonomy":"product_cat","embeddable":true,"href":"https:\/\/www.easyfence.pl\/de\/wp-json\/wp\/v2\/product_cat?post=232"},{"taxonomy":"product_tag","embeddable":true,"href":"https:\/\/www.easyfence.pl\/de\/wp-json\/wp\/v2\/product_tag?post=232"}],"curies":[{"name":"wp","href":"https:\/\/api.w.org\/{rel}","templated":true}]}}