{"id":231,"date":"2017-10-24T14:24:55","date_gmt":"2017-10-24T12:24:55","guid":{"rendered":"http:\/\/easyfence.pl\/?post_type=product&#038;p=231&#038;lang=de"},"modified":"2017-10-24T14:24:55","modified_gmt":"2017-10-24T12:24:55","slug":"bauzaunpforte-mit-riegel","status":"publish","type":"product","link":"https:\/\/www.easyfence.pl\/de\/produkt\/bauzaunpforte-mit-riegel\/","title":{"rendered":"Bauzaunpforte mit Riegel"},"content":{"rendered":"","protected":false},"excerpt":{"rendered":"<ul>\n<li>Ma\u00dfe: 2000&#215;1500 mm<\/li>\n<li>Maschenweite: 260&#215;100 mm<\/li>\n<li>Drahtst\u00e4rke: 3,2&#215;3,2 mm<\/li>\n<li>Rohrdurchmesser 30&#215;40 mm<\/li>\n<li>Gewicht: 14,2 kg<\/li>\n<\/ul>\n<p>Diese Absperrung dient als Personaleingang auf die Baustelle.\u00a0Mit einem Riegel, verschlie\u00dfbar mit einem Vorh\u00e4ngeschloss,\u00a0ausgestattet. Zus\u00e4tzliche Mittelstreben sorgen f\u00fcr mehr Stabilit\u00e4t.\u00a0Die hohe Qualit\u00e4t der Pforte mit Verzinkung erm\u00f6glicht\u00a0eine Nutzung f\u00fcr viele Jahre.<\/p>\n","protected":false},"featured_media":54,"comment_status":"open","ping_status":"closed","template":"","meta":{"_acf_changed":false},"product_brand":[],"product_cat":[28],"product_tag":[],"class_list":{"0":"post-231","1":"product","2":"type-product","3":"status-publish","4":"has-post-thumbnail","6":"product_cat-bauzauntueren-und-tore","8":"first","9":"instock","10":"shipping-taxable","11":"product-type-simple"},"acf":[],"_links":{"self":[{"href":"https:\/\/www.easyfence.pl\/de\/wp-json\/wp\/v2\/product\/231"}],"collection":[{"href":"https:\/\/www.easyfence.pl\/de\/wp-json\/wp\/v2\/product"}],"about":[{"href":"https:\/\/www.easyfence.pl\/de\/wp-json\/wp\/v2\/types\/product"}],"replies":[{"embeddable":true,"href":"https:\/\/www.easyfence.pl\/de\/wp-json\/wp\/v2\/comments?post=231"}],"wp:featuredmedia":[{"embeddable":true,"href":"https:\/\/www.easyfence.pl\/de\/wp-json\/wp\/v2\/media\/54"}],"wp:attachment":[{"href":"https:\/\/www.easyfence.pl\/de\/wp-json\/wp\/v2\/media?parent=231"}],"wp:term":[{"taxonomy":"product_brand","embeddable":true,"href":"https:\/\/www.easyfence.pl\/de\/wp-json\/wp\/v2\/product_brand?post=231"},{"taxonomy":"product_cat","embeddable":true,"href":"https:\/\/www.easyfence.pl\/de\/wp-json\/wp\/v2\/product_cat?post=231"},{"taxonomy":"product_tag","embeddable":true,"href":"https:\/\/www.easyfence.pl\/de\/wp-json\/wp\/v2\/product_tag?post=231"}],"curies":[{"name":"wp","href":"https:\/\/api.w.org\/{rel}","templated":true}]}}