{"id":229,"date":"2017-10-24T14:21:48","date_gmt":"2017-10-24T12:21:48","guid":{"rendered":"http:\/\/easyfence.pl\/?post_type=product&#038;p=229&#038;lang=de"},"modified":"2017-10-24T14:21:48","modified_gmt":"2017-10-24T12:21:48","slug":"geschlossenes-tor-2","status":"publish","type":"product","link":"https:\/\/www.easyfence.pl\/de\/produkt\/geschlossenes-tor-2\/","title":{"rendered":"Geschlossenes Tor"},"content":{"rendered":"","protected":false},"excerpt":{"rendered":"<ul>\n<li>Ma\u00dfe: 2025&#215;2360 mm<\/li>\n<li>Blech T18<\/li>\n<li>Blechst\u00e4rke: 0,5 mm<\/li>\n<li>Gewicht: 64,5 kg<\/li>\n<li>Dieser Zaun kann mit allen Gitterz\u00e4unen, -toren und -pforten kombiniert werden<\/li>\n<li>mit Schlie\u00dfmechanismus (Riegel) ausgestattet<\/li>\n<li>\u00d6ffnungsradius 4,6 m<\/li>\n<\/ul>\n<p>Dieses Tor dient der Einfahrt auf die Baustelle und ist mit einem Riegel,\u00a0verschlie\u00dfbar mit einem Vorh\u00e4ngeschloss, ausgestattet. Der gro\u00dfe\u00a0\u00d6ffnungsradius erleichtert die Einfahrt gro\u00dfer Lkw\u2019s . Zus\u00e4tzliche\u00a0Streben sorgen f\u00fcr mehr Stabilit\u00e4t. Die hohe Qualit\u00e4t des verzinkten\u00a0Tores erm\u00f6glicht eine Nutzung f\u00fcr viele Jahre.<\/p>\n","protected":false},"featured_media":64,"comment_status":"open","ping_status":"closed","template":"","meta":{"_acf_changed":false},"product_brand":[],"product_cat":[27],"product_tag":[],"class_list":{"0":"post-229","1":"product","2":"type-product","3":"status-publish","4":"has-post-thumbnail","6":"product_cat-geschlossene-absperrungen","8":"first","9":"instock","10":"shipping-taxable","11":"product-type-simple"},"acf":[],"_links":{"self":[{"href":"https:\/\/www.easyfence.pl\/de\/wp-json\/wp\/v2\/product\/229"}],"collection":[{"href":"https:\/\/www.easyfence.pl\/de\/wp-json\/wp\/v2\/product"}],"about":[{"href":"https:\/\/www.easyfence.pl\/de\/wp-json\/wp\/v2\/types\/product"}],"replies":[{"embeddable":true,"href":"https:\/\/www.easyfence.pl\/de\/wp-json\/wp\/v2\/comments?post=229"}],"wp:featuredmedia":[{"embeddable":true,"href":"https:\/\/www.easyfence.pl\/de\/wp-json\/wp\/v2\/media\/64"}],"wp:attachment":[{"href":"https:\/\/www.easyfence.pl\/de\/wp-json\/wp\/v2\/media?parent=229"}],"wp:term":[{"taxonomy":"product_brand","embeddable":true,"href":"https:\/\/www.easyfence.pl\/de\/wp-json\/wp\/v2\/product_brand?post=229"},{"taxonomy":"product_cat","embeddable":true,"href":"https:\/\/www.easyfence.pl\/de\/wp-json\/wp\/v2\/product_cat?post=229"},{"taxonomy":"product_tag","embeddable":true,"href":"https:\/\/www.easyfence.pl\/de\/wp-json\/wp\/v2\/product_tag?post=229"}],"curies":[{"name":"wp","href":"https:\/\/api.w.org\/{rel}","templated":true}]}}