{"id":221,"date":"2017-10-24T14:09:43","date_gmt":"2017-10-24T12:09:43","guid":{"rendered":"http:\/\/easyfence.pl\/?post_type=product&#038;p=221&#038;lang=de"},"modified":"2017-10-24T14:09:43","modified_gmt":"2017-10-24T12:09:43","slug":"verstaerkte-verbindungsschelle-typ-gripper","status":"publish","type":"product","link":"https:\/\/www.easyfence.pl\/de\/produkt\/verstaerkte-verbindungsschelle-typ-gripper\/","title":{"rendered":"Verst\u00e4rkte Verbindungsschelle Typ \u201eGripper\u201c"},"content":{"rendered":"","protected":false},"excerpt":{"rendered":"<ul>\n<li>Ma\u00dfe: 140x35x90mm<\/li>\n<li>Gewicht: 0,40 kg<\/li>\n<li>alle Elemente verzinkt<\/li>\n<li>Die verst\u00e4rkte Verbindungsschelle vergr\u00f6\u00dfert die\u00a0Sicherheit und ist widerstandsf\u00e4higer.<\/li>\n<\/ul>\n","protected":false},"featured_media":72,"comment_status":"open","ping_status":"closed","template":"","meta":{"_acf_changed":false},"product_brand":[],"product_cat":[25],"product_tag":[],"class_list":{"0":"post-221","1":"product","2":"type-product","3":"status-publish","4":"has-post-thumbnail","6":"product_cat-zubehoer","8":"first","9":"instock","10":"shipping-taxable","11":"product-type-simple"},"acf":[],"_links":{"self":[{"href":"https:\/\/www.easyfence.pl\/de\/wp-json\/wp\/v2\/product\/221"}],"collection":[{"href":"https:\/\/www.easyfence.pl\/de\/wp-json\/wp\/v2\/product"}],"about":[{"href":"https:\/\/www.easyfence.pl\/de\/wp-json\/wp\/v2\/types\/product"}],"replies":[{"embeddable":true,"href":"https:\/\/www.easyfence.pl\/de\/wp-json\/wp\/v2\/comments?post=221"}],"wp:featuredmedia":[{"embeddable":true,"href":"https:\/\/www.easyfence.pl\/de\/wp-json\/wp\/v2\/media\/72"}],"wp:attachment":[{"href":"https:\/\/www.easyfence.pl\/de\/wp-json\/wp\/v2\/media?parent=221"}],"wp:term":[{"taxonomy":"product_brand","embeddable":true,"href":"https:\/\/www.easyfence.pl\/de\/wp-json\/wp\/v2\/product_brand?post=221"},{"taxonomy":"product_cat","embeddable":true,"href":"https:\/\/www.easyfence.pl\/de\/wp-json\/wp\/v2\/product_cat?post=221"},{"taxonomy":"product_tag","embeddable":true,"href":"https:\/\/www.easyfence.pl\/de\/wp-json\/wp\/v2\/product_tag?post=221"}],"curies":[{"name":"wp","href":"https:\/\/api.w.org\/{rel}","templated":true}]}}