{"id":218,"date":"2017-10-24T14:06:31","date_gmt":"2017-10-24T12:06:31","guid":{"rendered":"http:\/\/easyfence.pl\/?post_type=product&#038;p=218&#038;lang=de"},"modified":"2017-10-24T14:06:31","modified_gmt":"2017-10-24T12:06:31","slug":"betonfuss","status":"publish","type":"product","link":"https:\/\/www.easyfence.pl\/de\/produkt\/betonfuss\/","title":{"rendered":"Betonfu\u00df"},"content":{"rendered":"","protected":false},"excerpt":{"rendered":"<ul>\n<li>Ma\u00dfe: 590x130x220mm<\/li>\n<li>Gewicht: 32 kg<\/li>\n<li>mittlere \u00d6ffnung f\u00fcr Rohre mit einer St\u00e4rke von 40| 38mm<\/li>\n<li>mit Bewehrung<\/li>\n<li>sorgt f\u00fcr hohe Stabilit\u00e4t der Absperrung<\/li>\n<li>besonders empfohlen bei geschlossenen Absperrungen\u00a0mit schweren Paneelen<\/li>\n<\/ul>\n","protected":false},"featured_media":78,"comment_status":"open","ping_status":"closed","template":"","meta":{"_acf_changed":false},"product_brand":[],"product_cat":[25],"product_tag":[],"class_list":{"0":"post-218","1":"product","2":"type-product","3":"status-publish","4":"has-post-thumbnail","6":"product_cat-zubehoer","8":"first","9":"instock","10":"shipping-taxable","11":"product-type-simple"},"acf":[],"_links":{"self":[{"href":"https:\/\/www.easyfence.pl\/de\/wp-json\/wp\/v2\/product\/218"}],"collection":[{"href":"https:\/\/www.easyfence.pl\/de\/wp-json\/wp\/v2\/product"}],"about":[{"href":"https:\/\/www.easyfence.pl\/de\/wp-json\/wp\/v2\/types\/product"}],"replies":[{"embeddable":true,"href":"https:\/\/www.easyfence.pl\/de\/wp-json\/wp\/v2\/comments?post=218"}],"wp:featuredmedia":[{"embeddable":true,"href":"https:\/\/www.easyfence.pl\/de\/wp-json\/wp\/v2\/media\/78"}],"wp:attachment":[{"href":"https:\/\/www.easyfence.pl\/de\/wp-json\/wp\/v2\/media?parent=218"}],"wp:term":[{"taxonomy":"product_brand","embeddable":true,"href":"https:\/\/www.easyfence.pl\/de\/wp-json\/wp\/v2\/product_brand?post=218"},{"taxonomy":"product_cat","embeddable":true,"href":"https:\/\/www.easyfence.pl\/de\/wp-json\/wp\/v2\/product_cat?post=218"},{"taxonomy":"product_tag","embeddable":true,"href":"https:\/\/www.easyfence.pl\/de\/wp-json\/wp\/v2\/product_tag?post=218"}],"curies":[{"name":"wp","href":"https:\/\/api.w.org\/{rel}","templated":true}]}}