{"id":216,"date":"2017-10-24T14:05:23","date_gmt":"2017-10-24T12:05:23","guid":{"rendered":"http:\/\/easyfence.pl\/?post_type=product&#038;p=216&#038;lang=de"},"modified":"2017-10-24T14:05:23","modified_gmt":"2017-10-24T12:05:23","slug":"schwerer-kunststofffuss","status":"publish","type":"product","link":"https:\/\/www.easyfence.pl\/de\/produkt\/schwerer-kunststofffuss\/","title":{"rendered":"Schwerer Kunststofffu\u00df"},"content":{"rendered":"","protected":false},"excerpt":{"rendered":"<ul>\n<li>Ma\u00dfe: 680x150x243mm<\/li>\n<li>Gewicht: 26 kg<\/li>\n<li>sehr gro\u00dfe Best\u00e4ndigkeit<\/li>\n<li>die schwere Version des Kunststofffu\u00dfes vergr\u00f6\u00dfert\u00a0die Stabilit\u00e4t schwerer Paneele<\/li>\n<\/ul>\n","protected":false},"featured_media":82,"comment_status":"open","ping_status":"closed","template":"","meta":{"_acf_changed":false},"product_brand":[],"product_cat":[25],"product_tag":[],"class_list":{"0":"post-216","1":"product","2":"type-product","3":"status-publish","4":"has-post-thumbnail","6":"product_cat-zubehoer","8":"first","9":"instock","10":"shipping-taxable","11":"product-type-simple"},"acf":[],"_links":{"self":[{"href":"https:\/\/www.easyfence.pl\/de\/wp-json\/wp\/v2\/product\/216"}],"collection":[{"href":"https:\/\/www.easyfence.pl\/de\/wp-json\/wp\/v2\/product"}],"about":[{"href":"https:\/\/www.easyfence.pl\/de\/wp-json\/wp\/v2\/types\/product"}],"replies":[{"embeddable":true,"href":"https:\/\/www.easyfence.pl\/de\/wp-json\/wp\/v2\/comments?post=216"}],"wp:featuredmedia":[{"embeddable":true,"href":"https:\/\/www.easyfence.pl\/de\/wp-json\/wp\/v2\/media\/82"}],"wp:attachment":[{"href":"https:\/\/www.easyfence.pl\/de\/wp-json\/wp\/v2\/media?parent=216"}],"wp:term":[{"taxonomy":"product_brand","embeddable":true,"href":"https:\/\/www.easyfence.pl\/de\/wp-json\/wp\/v2\/product_brand?post=216"},{"taxonomy":"product_cat","embeddable":true,"href":"https:\/\/www.easyfence.pl\/de\/wp-json\/wp\/v2\/product_cat?post=216"},{"taxonomy":"product_tag","embeddable":true,"href":"https:\/\/www.easyfence.pl\/de\/wp-json\/wp\/v2\/product_tag?post=216"}],"curies":[{"name":"wp","href":"https:\/\/api.w.org\/{rel}","templated":true}]}}