{"id":211,"date":"2017-10-24T13:57:59","date_gmt":"2017-10-24T11:57:59","guid":{"rendered":"http:\/\/easyfence.pl\/?post_type=product&#038;p=211&#038;lang=de"},"modified":"2017-10-24T13:57:59","modified_gmt":"2017-10-24T11:57:59","slug":"stuetzstrebe-mit-platte","status":"publish","type":"product","link":"https:\/\/www.easyfence.pl\/de\/produkt\/stuetzstrebe-mit-platte\/","title":{"rendered":"St\u00fctzstrebe mit Platte"},"content":{"rendered":"","protected":false},"excerpt":{"rendered":"<ul>\n<li>sorgt f\u00fcr zus\u00e4tzlichen Stabilit\u00e4t des Zaunes<\/li>\n<li>im Boden durch zwei Erdn\u00e4gel verankert<\/li>\n<li>Ma\u00dfe: 988 x 150 x 1485 mm<\/li>\n<li>Gewicht: 2,5 kg<\/li>\n<\/ul>\n","protected":false},"featured_media":92,"comment_status":"open","ping_status":"closed","template":"","meta":{"_acf_changed":false},"product_brand":[],"product_cat":[25],"product_tag":[],"class_list":{"0":"post-211","1":"product","2":"type-product","3":"status-publish","4":"has-post-thumbnail","6":"product_cat-zubehoer","8":"first","9":"instock","10":"shipping-taxable","11":"product-type-simple"},"acf":[],"_links":{"self":[{"href":"https:\/\/www.easyfence.pl\/de\/wp-json\/wp\/v2\/product\/211"}],"collection":[{"href":"https:\/\/www.easyfence.pl\/de\/wp-json\/wp\/v2\/product"}],"about":[{"href":"https:\/\/www.easyfence.pl\/de\/wp-json\/wp\/v2\/types\/product"}],"replies":[{"embeddable":true,"href":"https:\/\/www.easyfence.pl\/de\/wp-json\/wp\/v2\/comments?post=211"}],"wp:featuredmedia":[{"embeddable":true,"href":"https:\/\/www.easyfence.pl\/de\/wp-json\/wp\/v2\/media\/92"}],"wp:attachment":[{"href":"https:\/\/www.easyfence.pl\/de\/wp-json\/wp\/v2\/media?parent=211"}],"wp:term":[{"taxonomy":"product_brand","embeddable":true,"href":"https:\/\/www.easyfence.pl\/de\/wp-json\/wp\/v2\/product_brand?post=211"},{"taxonomy":"product_cat","embeddable":true,"href":"https:\/\/www.easyfence.pl\/de\/wp-json\/wp\/v2\/product_cat?post=211"},{"taxonomy":"product_tag","embeddable":true,"href":"https:\/\/www.easyfence.pl\/de\/wp-json\/wp\/v2\/product_tag?post=211"}],"curies":[{"name":"wp","href":"https:\/\/api.w.org\/{rel}","templated":true}]}}