{"id":208,"date":"2017-10-24T13:55:08","date_gmt":"2017-10-24T11:55:08","guid":{"rendered":"http:\/\/easyfence.pl\/?post_type=product&#038;p=208&#038;lang=de"},"modified":"2017-10-24T13:55:33","modified_gmt":"2017-10-24T11:55:33","slug":"sichtschutzplane","status":"publish","type":"product","link":"https:\/\/www.easyfence.pl\/de\/produkt\/sichtschutzplane\/","title":{"rendered":"Sichtschutzplane"},"content":{"rendered":"","protected":false},"excerpt":{"rendered":"<ul>\n<li>Ma\u00dfe: 3450x1760x3<\/li>\n<li>Gewicht: 1 kg<\/li>\n<li>Farben: schwarz \/ wei\u00df \/ blau \/ gr\u00fcn<\/li>\n<li>vollst\u00e4ndiger Sichtschutz f\u00fcr Absperrgitter<\/li>\n<li>Material rei\u00dffest, UV-best\u00e4ndig und wetterbest\u00e4ndig<\/li>\n<\/ul>\n","protected":false},"featured_media":98,"comment_status":"open","ping_status":"closed","template":"","meta":{"_acf_changed":false},"product_brand":[],"product_cat":[25],"product_tag":[],"class_list":{"0":"post-208","1":"product","2":"type-product","3":"status-publish","4":"has-post-thumbnail","6":"product_cat-zubehoer","8":"first","9":"instock","10":"shipping-taxable","11":"product-type-simple"},"acf":[],"_links":{"self":[{"href":"https:\/\/www.easyfence.pl\/de\/wp-json\/wp\/v2\/product\/208"}],"collection":[{"href":"https:\/\/www.easyfence.pl\/de\/wp-json\/wp\/v2\/product"}],"about":[{"href":"https:\/\/www.easyfence.pl\/de\/wp-json\/wp\/v2\/types\/product"}],"replies":[{"embeddable":true,"href":"https:\/\/www.easyfence.pl\/de\/wp-json\/wp\/v2\/comments?post=208"}],"wp:featuredmedia":[{"embeddable":true,"href":"https:\/\/www.easyfence.pl\/de\/wp-json\/wp\/v2\/media\/98"}],"wp:attachment":[{"href":"https:\/\/www.easyfence.pl\/de\/wp-json\/wp\/v2\/media?parent=208"}],"wp:term":[{"taxonomy":"product_brand","embeddable":true,"href":"https:\/\/www.easyfence.pl\/de\/wp-json\/wp\/v2\/product_brand?post=208"},{"taxonomy":"product_cat","embeddable":true,"href":"https:\/\/www.easyfence.pl\/de\/wp-json\/wp\/v2\/product_cat?post=208"},{"taxonomy":"product_tag","embeddable":true,"href":"https:\/\/www.easyfence.pl\/de\/wp-json\/wp\/v2\/product_tag?post=208"}],"curies":[{"name":"wp","href":"https:\/\/api.w.org\/{rel}","templated":true}]}}