{"id":206,"date":"2017-10-24T13:52:13","date_gmt":"2017-10-24T11:52:13","guid":{"rendered":"http:\/\/easyfence.pl\/?post_type=product&#038;p=206&#038;lang=de"},"modified":"2017-10-24T13:52:13","modified_gmt":"2017-10-24T11:52:13","slug":"strassenbarriere","status":"publish","type":"product","link":"https:\/\/www.easyfence.pl\/de\/produkt\/strassenbarriere\/","title":{"rendered":"Stra\u00dfenbarriere"},"content":{"rendered":"","protected":false},"excerpt":{"rendered":"<ul>\n<li>Ma\u00dfe (mit Bolzen): 1000x400x800mm (1095mm)<\/li>\n<li>Gewicht: 8kg<\/li>\n<li>Material: Kunststoff<\/li>\n<li>Farben: wei\u00df oder rot<\/li>\n<li>Spezielle \u00d6ffnungen erm\u00f6glichen zus\u00e4tzliche Bef\u00fcllung\u00a0mit Sand.<\/li>\n<li>Die Barrieren erm\u00f6glichen die Markierung von Fahrwegen\u00a0und verhindern die Einfahrt unbefugter Fahrzeuge.<\/li>\n<li>Die abwechselnde Farbgebung verbessert die Sichtbarkeit\u00a0im Stra\u00dfenverkehr<\/li>\n<\/ul>\n","protected":false},"featured_media":102,"comment_status":"open","ping_status":"closed","template":"","meta":{"_acf_changed":false},"product_brand":[],"product_cat":[24],"product_tag":[],"class_list":{"0":"post-206","1":"product","2":"type-product","3":"status-publish","4":"has-post-thumbnail","6":"product_cat-baustellenabsicherung","8":"first","9":"instock","10":"shipping-taxable","11":"product-type-simple"},"acf":[],"_links":{"self":[{"href":"https:\/\/www.easyfence.pl\/de\/wp-json\/wp\/v2\/product\/206"}],"collection":[{"href":"https:\/\/www.easyfence.pl\/de\/wp-json\/wp\/v2\/product"}],"about":[{"href":"https:\/\/www.easyfence.pl\/de\/wp-json\/wp\/v2\/types\/product"}],"replies":[{"embeddable":true,"href":"https:\/\/www.easyfence.pl\/de\/wp-json\/wp\/v2\/comments?post=206"}],"wp:featuredmedia":[{"embeddable":true,"href":"https:\/\/www.easyfence.pl\/de\/wp-json\/wp\/v2\/media\/102"}],"wp:attachment":[{"href":"https:\/\/www.easyfence.pl\/de\/wp-json\/wp\/v2\/media?parent=206"}],"wp:term":[{"taxonomy":"product_brand","embeddable":true,"href":"https:\/\/www.easyfence.pl\/de\/wp-json\/wp\/v2\/product_brand?post=206"},{"taxonomy":"product_cat","embeddable":true,"href":"https:\/\/www.easyfence.pl\/de\/wp-json\/wp\/v2\/product_cat?post=206"},{"taxonomy":"product_tag","embeddable":true,"href":"https:\/\/www.easyfence.pl\/de\/wp-json\/wp\/v2\/product_tag?post=206"}],"curies":[{"name":"wp","href":"https:\/\/api.w.org\/{rel}","templated":true}]}}