{"id":201,"date":"2017-10-24T13:46:26","date_gmt":"2017-10-24T11:46:26","guid":{"rendered":"http:\/\/easyfence.pl\/?post_type=product&#038;p=201&#038;lang=de"},"modified":"2017-10-24T13:46:47","modified_gmt":"2017-10-24T11:46:47","slug":"absturzsicherung-pvc-enigma","status":"publish","type":"product","link":"https:\/\/www.easyfence.pl\/de\/produkt\/absturzsicherung-pvc-enigma\/","title":{"rendered":"Absturzsicherung PVC &#8211; Enigma"},"content":{"rendered":"","protected":false},"excerpt":{"rendered":"<ul>\n<li>drehbare F\u00fc\u00dfe (360 Grad)<\/li>\n<li>keine scharfen Kanten oder hervorstehenden Schrauben und Nieten<\/li>\n<li>findet oft Anwendung bei Massenveranstaltungen<\/li>\n<li>Diese Barriere eignet sich f\u00fcr Kommunikationsb\u00e4nder sowie zur Absicherung von gef\u00e4hrlichen Stellen und zur tempor\u00e4ren Stra\u00dfensperrung.<\/li>\n<li>Ma\u00dfe: 2000&#215;1100 mm<\/li>\n<li>Gewicht: 9,9 kg<\/li>\n<li>Farbe: grau<\/li>\n<\/ul>\n","protected":false},"featured_media":112,"comment_status":"open","ping_status":"closed","template":"","meta":{"_acf_changed":false},"product_brand":[],"product_cat":[26,24],"product_tag":[],"class_list":{"0":"post-201","1":"product","2":"type-product","3":"status-publish","4":"has-post-thumbnail","6":"product_cat-absperrgitter","7":"product_cat-baustellenabsicherung","9":"first","10":"instock","11":"shipping-taxable","12":"product-type-simple"},"acf":[],"_links":{"self":[{"href":"https:\/\/www.easyfence.pl\/de\/wp-json\/wp\/v2\/product\/201"}],"collection":[{"href":"https:\/\/www.easyfence.pl\/de\/wp-json\/wp\/v2\/product"}],"about":[{"href":"https:\/\/www.easyfence.pl\/de\/wp-json\/wp\/v2\/types\/product"}],"replies":[{"embeddable":true,"href":"https:\/\/www.easyfence.pl\/de\/wp-json\/wp\/v2\/comments?post=201"}],"wp:featuredmedia":[{"embeddable":true,"href":"https:\/\/www.easyfence.pl\/de\/wp-json\/wp\/v2\/media\/112"}],"wp:attachment":[{"href":"https:\/\/www.easyfence.pl\/de\/wp-json\/wp\/v2\/media?parent=201"}],"wp:term":[{"taxonomy":"product_brand","embeddable":true,"href":"https:\/\/www.easyfence.pl\/de\/wp-json\/wp\/v2\/product_brand?post=201"},{"taxonomy":"product_cat","embeddable":true,"href":"https:\/\/www.easyfence.pl\/de\/wp-json\/wp\/v2\/product_cat?post=201"},{"taxonomy":"product_tag","embeddable":true,"href":"https:\/\/www.easyfence.pl\/de\/wp-json\/wp\/v2\/product_tag?post=201"}],"curies":[{"name":"wp","href":"https:\/\/api.w.org\/{rel}","templated":true}]}}