{"id":200,"date":"2017-10-24T13:44:54","date_gmt":"2017-10-24T11:44:54","guid":{"rendered":"http:\/\/easyfence.pl\/?post_type=product&#038;p=200&#038;lang=de"},"modified":"2017-10-24T13:45:30","modified_gmt":"2017-10-24T11:45:30","slug":"strassenbarriere-pvc-neos","status":"publish","type":"product","link":"https:\/\/www.easyfence.pl\/de\/produkt\/strassenbarriere-pvc-neos\/","title":{"rendered":"Stra\u00dfenbarriere PVC &#8211; Neos"},"content":{"rendered":"","protected":false},"excerpt":{"rendered":"<ul>\n<li>drehbare F\u00fc\u00dfe (360 Grad)<\/li>\n<li>keine scharfen Kanten oder hervorstehenden Schrauben und Nieten<\/li>\n<li>findet oft Anwendung bei Massenveranstaltungen<\/li>\n<li>Eignet sich ideal zur Absicherung von Installationsarbeiten. Dank des wei\u00df-roten Warnstreifens kann diese Barriere bei Stra\u00dfenbauarbeiten als Barriere Typ U-20 genutzt werden.<\/li>\n<li>Diese Barriere eignet sich f\u00fcr Kommunikationsb\u00e4nder sowie zur Absicherung von gef\u00e4hrlichen Stellen und zur tempor\u00e4ren Stra\u00dfensperrung.<\/li>\n<li>Ma\u00dfe: 2000&#215;1100 mm<\/li>\n<li>Gewicht: 11,20 kg<\/li>\n<\/ul>\n","protected":false},"featured_media":114,"comment_status":"open","ping_status":"closed","template":"","meta":{"_acf_changed":false},"product_brand":[],"product_cat":[24],"product_tag":[],"class_list":{"0":"post-200","1":"product","2":"type-product","3":"status-publish","4":"has-post-thumbnail","6":"product_cat-baustellenabsicherung","8":"first","9":"instock","10":"shipping-taxable","11":"product-type-simple"},"acf":[],"_links":{"self":[{"href":"https:\/\/www.easyfence.pl\/de\/wp-json\/wp\/v2\/product\/200"}],"collection":[{"href":"https:\/\/www.easyfence.pl\/de\/wp-json\/wp\/v2\/product"}],"about":[{"href":"https:\/\/www.easyfence.pl\/de\/wp-json\/wp\/v2\/types\/product"}],"replies":[{"embeddable":true,"href":"https:\/\/www.easyfence.pl\/de\/wp-json\/wp\/v2\/comments?post=200"}],"wp:featuredmedia":[{"embeddable":true,"href":"https:\/\/www.easyfence.pl\/de\/wp-json\/wp\/v2\/media\/114"}],"wp:attachment":[{"href":"https:\/\/www.easyfence.pl\/de\/wp-json\/wp\/v2\/media?parent=200"}],"wp:term":[{"taxonomy":"product_brand","embeddable":true,"href":"https:\/\/www.easyfence.pl\/de\/wp-json\/wp\/v2\/product_brand?post=200"},{"taxonomy":"product_cat","embeddable":true,"href":"https:\/\/www.easyfence.pl\/de\/wp-json\/wp\/v2\/product_cat?post=200"},{"taxonomy":"product_tag","embeddable":true,"href":"https:\/\/www.easyfence.pl\/de\/wp-json\/wp\/v2\/product_tag?post=200"}],"curies":[{"name":"wp","href":"https:\/\/api.w.org\/{rel}","templated":true}]}}