{"id":196,"date":"2017-10-24T13:36:17","date_gmt":"2017-10-24T11:36:17","guid":{"rendered":"http:\/\/easyfence.pl\/?post_type=product&#038;p=196&#038;lang=de"},"modified":"2022-05-28T13:45:06","modified_gmt":"2022-05-28T11:45:06","slug":"sicherheitsabsperrung-pvc-gardian","status":"publish","type":"product","link":"https:\/\/www.easyfence.pl\/de\/produkt\/sicherheitsabsperrung-pvc-gardian\/","title":{"rendered":"Sicherheitsabsperrung PVC &#8211; Gardian"},"content":{"rendered":"","protected":false},"excerpt":{"rendered":"<ul>\n<li>hoher Warnstreifen aus Reflexfolie<\/li>\n<li>leichter Auf- und Abbau<\/li>\n<li>Barriere f\u00fcr Baustellen, offene Gr\u00e4ben und Gullys<\/li>\n<li>Materialsatz mit 3 oder 4 T\u00fcren<\/li>\n<li>Materials\u00e4tze k\u00f6nnen miteinander verbunden werden, um Absperrung zu vergr\u00f6\u00dfern<\/li>\n<li>keine scharfen Kanten oder hervorstehenden Schrauben und Nieten<\/li>\n<li>Ma\u00dfe: 1000&#215;1000 mm, 750&#215;750 mm<\/li>\n<li>Gewicht: 2,1 kg (einzelne Paneele)<\/li>\n<\/ul>\n","protected":false},"featured_media":122,"comment_status":"open","ping_status":"closed","template":"","meta":{"_acf_changed":false},"product_brand":[],"product_cat":[24],"product_tag":[],"class_list":{"0":"post-196","1":"product","2":"type-product","3":"status-publish","4":"has-post-thumbnail","6":"product_cat-baustellenabsicherung","8":"first","9":"instock","10":"shipping-taxable","11":"product-type-simple"},"acf":[],"_links":{"self":[{"href":"https:\/\/www.easyfence.pl\/de\/wp-json\/wp\/v2\/product\/196"}],"collection":[{"href":"https:\/\/www.easyfence.pl\/de\/wp-json\/wp\/v2\/product"}],"about":[{"href":"https:\/\/www.easyfence.pl\/de\/wp-json\/wp\/v2\/types\/product"}],"replies":[{"embeddable":true,"href":"https:\/\/www.easyfence.pl\/de\/wp-json\/wp\/v2\/comments?post=196"}],"wp:featuredmedia":[{"embeddable":true,"href":"https:\/\/www.easyfence.pl\/de\/wp-json\/wp\/v2\/media\/122"}],"wp:attachment":[{"href":"https:\/\/www.easyfence.pl\/de\/wp-json\/wp\/v2\/media?parent=196"}],"wp:term":[{"taxonomy":"product_brand","embeddable":true,"href":"https:\/\/www.easyfence.pl\/de\/wp-json\/wp\/v2\/product_brand?post=196"},{"taxonomy":"product_cat","embeddable":true,"href":"https:\/\/www.easyfence.pl\/de\/wp-json\/wp\/v2\/product_cat?post=196"},{"taxonomy":"product_tag","embeddable":true,"href":"https:\/\/www.easyfence.pl\/de\/wp-json\/wp\/v2\/product_tag?post=196"}],"curies":[{"name":"wp","href":"https:\/\/api.w.org\/{rel}","templated":true}]}}